{"id":9,"date":"2021-11-01T21:49:37","date_gmt":"2021-11-01T21:49:37","guid":{"rendered":"https:\/\/ferienwohnung-bender.de\/?page_id=9"},"modified":"2021-11-13T23:33:00","modified_gmt":"2021-11-13T23:33:00","slug":"kontakt-anfahrt","status":"publish","type":"page","link":"https:\/\/ferienwohnung-bender.de\/?page_id=9","title":{"rendered":"Kontakt \u2013 Anfahrt"},"content":{"rendered":"<h3><strong>So erreichen Sie uns:<\/strong><\/h3>\n<h6><div id=\"wpgmza_map\" class=\"wpgmza_map\" data-settings='{\"id\":\"1\",\"map_title\":\"Ferienwohnung Bender\",\"map_width\":\"100\",\"map_height\":\"400\",\"map_start_lat\":\"50.75165513319311\",\"map_start_lng\":\"9.275888140822776\",\"map_start_location\":\"45.950464398418106,-109.81550500000003\",\"map_start_zoom\":\"17\",\"default_marker\":\"\",\"type\":\"1\",\"alignment\":\"4\",\"directions_enabled\":\"0\",\"styling_enabled\":\"0\",\"styling_json\":\"\",\"active\":\"0\",\"kml\":\"\",\"bicycle\":\"0\",\"traffic\":\"0\",\"dbox\":\"0\",\"dbox_width\":\"\",\"listmarkers\":\"0\",\"listmarkers_advanced\":\"0\",\"filterbycat\":\"0\",\"ugm_enabled\":\"0\",\"ugm_category_enabled\":\"0\",\"fusion\":\"\",\"map_width_type\":\"%\",\"map_height_type\":\"px\",\"mass_marker_support\":\"0\",\"ugm_access\":\"0\",\"order_markers_by\":\"0\",\"order_markers_choice\":\"0\",\"show_user_location\":\"0\",\"default_to\":\"\",\"other_settings\":{\"map_type\":1,\"sl_stroke_color\":\"\",\"sl_fill_color\":\"\",\"sl_stroke_opacity\":\"\",\"sl_fill_opacity\":\"\",\"transport_layer\":false,\"action\":\"wpgmza_save_map\",\"redirect_to\":\"\\\/wp-admin\\\/admin-post.php\",\"map_id\":\"1\",\"http_referer\":\"\\\/wp-admin\\\/admin.php?page=wp-google-maps-menu&amp;amp;action=edit&amp;amp;map_id=1\",\"wpgmza_id\":\"1\",\"wpgmza_start_location\":\"50.75165513319311,9.275888140822776\",\"wpgmza_start_zoom\":\"17\",\"wpgmza_theme_data\":\"\",\"store_locator_enabled\":false,\"store_locator_search_area\":\"radial\",\"wpgmza_store_locator_radius_style\":\"legacy\",\"wpgmza_store_locator_default_radius\":\"10\",\"store_locator_auto_area_max_zoom\":\"\",\"store_locator_distance\":false,\"wpgmza_store_locator_position\":false,\"store_locator_show_distance\":false,\"store_locator_category\":false,\"wpgmza_store_locator_use_their_location\":false,\"wpgmza_store_locator_bounce\":false,\"wpgmza_sl_animation\":null,\"wpgmza_store_locator_hide_before_search\":false,\"store_locator_query_string\":\"\",\"store_locator_default_address\":\"\",\"store_locator_name_search\":false,\"store_locator_name_string\":\"\",\"store_locator_not_found_message\":\"\",\"wpgmza_map_align\":\"1\",\"jump_to_nearest_marker_on_initialization\":false,\"automatically_pan_to_users_location\":false,\"override_users_location_zoom_level\":false,\"override_users_location_zoom_levels\":\"\",\"show_distance_from_location\":false,\"map_max_zoom\":\"21\",\"map_min_zoom\":\"0\",\"click_open_link\":false,\"fit_maps_bounds_to_markers\":false,\"fit_maps_bounds_to_markers_after_filtering\":false,\"hide_point_of_interest\":false,\"wpgmza_zoom_on_marker_click\":false,\"wpgmza_zoom_on_marker_click_slider\":\"\",\"close_infowindow_on_map_click\":false,\"disable_lightbox_images\":false,\"use_Raw_Jpeg_Coordinates\":false,\"polygon_labels\":false,\"disable_polygon_info_windows\":false,\"enable_marker_ratings\":false,\"only_load_markers_within_viewport\":false,\"iw_primary_color\":\"\",\"iw_accent_color\":\"\",\"iw_text_color\":\"\",\"wpgmza_listmarkers_by\":\"0\",\"wpgmza_marker_listing_position\":false,\"wpgmza_push_in_map\":false,\"wpgmza_push_in_map_placement\":null,\"wpgmza_push_in_map_width\":\"\",\"wpgmza_push_in_map_height\":\"\",\"zoom_level_on_marker_listing_override\":false,\"zoom_level_on_marker_listing_click\":\"\",\"datatable_no_result_message\":\"\",\"remove_search_box_datables\":false,\"dataTable_pagination_style\":null,\"datatable_search_string\":\"\",\"datatable_result_start\":\"\",\"datatable_result_of\":\"\",\"datatable_result_to\":\"\",\"datatable_result_total\":\"\",\"datatable_result_show\":\"\",\"datatable_result_entries\":\"\",\"wpgmza_savemap\":\"Karte speichern \\u00bb\"}}' data-map-id='1' Data-maps-engine='google-maps' data-shortcode-attributes='{\"id\":\"1\"}' style=\"display:block; overflow:auto; width:100%; height:400px; float:left;\"><\/div><\/h6>\n<p>&nbsp;<\/p>\n<p>Die Wohnungen befinden sich in einem 200 Jahre alten Fachwerkhaus, am<br \/>\nRande der Altstadt 400 Meter vom Marktplatz entfernt. Weiterhin befinden<br \/>\nsich Einkaufsm\u00f6glichkeiten, Restaurants und alles was das Herz begehrt<br \/>\nin unmittelbarer N\u00e4he.<\/p>\n<p>Ebenso sind das Frei- und Hallenbad mit gro\u00dfer Saunalandschaft, sowie<br \/>\nausgeschriebene Fahrrad- und Wanderwege durch den Vogelsberg per Fu\u00df zu<br \/>\nerreichen.<\/p>\n<p>Gerne geben wir Ihnen hierzu n\u00e4here Informationen.<\/p>\n<div class=\"widget-pad\">\n<h3 class=\"widget-title\">So erreichen Sie uns:<\/h3>\n<div class=\"textwidget\">\n<p>Ferienwohnung Bender<br \/>\nHersfelderstra\u00dfe 44<br \/>\n36304 Alsfeld<\/p>\n<p>Tel.: 06631 &#8211; 3640<br \/>\nEMail: <a title=\"heidrunbender@gmx.de\" href=\"mailto:heidrunbender@gmx.de\" target=\"_blank\" rel=\"noopener\">heidrunbender@gmx.de<\/a><\/p>\n<p>Wir freuen uns auf Ihre Anfrage und werden diese so schnell als m\u00f6glich bearbeiten.<\/p>\n<\/div>\n<\/div>\n<p>&nbsp;<\/p>\n","protected":false},"excerpt":{"rendered":"<p>So erreichen Sie uns: &nbsp; Die Wohnungen befinden sich in einem 200 Jahre alten Fachwerkhaus, am Rande der Altstadt 400 Meter vom Marktplatz entfernt. Weiterhin befinden sich Einkaufsm\u00f6glichkeiten, Restaurants und alles was das Herz begehrt in unmittelbarer N\u00e4he. Ebenso sind das Frei- und Hallenbad mit gro\u00dfer Saunalandschaft, sowie ausgeschriebene Fahrrad- und Wanderwege durch den Vogelsberg [&hellip;]<\/p>\n","protected":false},"author":1,"featured_media":0,"parent":0,"menu_order":4,"comment_status":"closed","ping_status":"closed","template":"","meta":{"ngg_post_thumbnail":0,"footnotes":""},"class_list":["post-9","page","type-page","status-publish","hentry"],"aioseo_notices":[],"_links":{"self":[{"href":"https:\/\/ferienwohnung-bender.de\/index.php?rest_route=\/wp\/v2\/pages\/9","targetHints":{"allow":["GET"]}}],"collection":[{"href":"https:\/\/ferienwohnung-bender.de\/index.php?rest_route=\/wp\/v2\/pages"}],"about":[{"href":"https:\/\/ferienwohnung-bender.de\/index.php?rest_route=\/wp\/v2\/types\/page"}],"author":[{"embeddable":true,"href":"https:\/\/ferienwohnung-bender.de\/index.php?rest_route=\/wp\/v2\/users\/1"}],"replies":[{"embeddable":true,"href":"https:\/\/ferienwohnung-bender.de\/index.php?rest_route=%2Fwp%2Fv2%2Fcomments&post=9"}],"version-history":[{"count":11,"href":"https:\/\/ferienwohnung-bender.de\/index.php?rest_route=\/wp\/v2\/pages\/9\/revisions"}],"predecessor-version":[{"id":75,"href":"https:\/\/ferienwohnung-bender.de\/index.php?rest_route=\/wp\/v2\/pages\/9\/revisions\/75"}],"wp:attachment":[{"href":"https:\/\/ferienwohnung-bender.de\/index.php?rest_route=%2Fwp%2Fv2%2Fmedia&parent=9"}],"curies":[{"name":"wp","href":"https:\/\/api.w.org\/{rel}","templated":true}]}}