{"id":10,"date":"2021-11-01T21:49:38","date_gmt":"2021-11-01T21:49:38","guid":{"rendered":"https:\/\/ferienwohnung-bender.de\/?page_id=10"},"modified":"2021-11-01T21:49:38","modified_gmt":"2021-11-01T21:49:38","slug":"impressum","status":"publish","type":"page","link":"https:\/\/ferienwohnung-bender.de\/?page_id=10","title":{"rendered":"Impressum"},"content":{"rendered":"<p><strong>Rechtshinweis:<\/strong><\/p>\n<p>1. Inhalt des Onlineangebotes<br \/>\nDer Autor \u00fcbernimmt keinerlei Gew\u00e4hr f\u00fcr die Aktualit\u00e4t, Korrektheit,<br \/>\nVollst\u00e4ndigkeit oder Qualit\u00e4t der bereitgestellten Informationen.<br \/>\nHaftungsanspr\u00fcche gegen den Autor, welche sich auf Sch\u00e4den materieller<br \/>\noder ideeller Art beziehen, die durch die Nutzung oder Nichtnutzung der<br \/>\ndargebotenen Informationen bzw. durch die Nutzung fehlerhafter und<br \/>\nunvollst\u00e4ndiger Informationen verursacht wurden, sind grunds\u00e4tzlich<br \/>\nausgeschlossen, sofern seitens des Autors kein nachweislich<br \/>\nvors\u00e4tzliches oder grob fahrl\u00e4ssiges Verschulden vorliegt. Alle Angebote<br \/>\n sind freibleibend und unverbindlich. Der Autor beh\u00e4lt es sich<br \/>\nausdr\u00fccklich vor, Teile der Seiten oder das gesamte Angebot ohne<br \/>\ngesonderte Ank\u00fcndigung zu ver\u00e4ndern, zu erg\u00e4nzen, zu l\u00f6schen oder die<br \/>\nVer\u00f6ffentlichung zeitweise oder endg\u00fcltig einzustellen.<\/p>\n<p>2. Verweise und Links<br \/>\nBei direkten oder indirekten Verweisen auf fremde Webseiten<br \/>\n(\u201cHyperlinks\u201d), die au\u00dferhalb des Verantwortungsbereiches des Autors<br \/>\nliegen, w\u00fcrde eine Haftungsverpflichtung ausschlie\u00dflich in dem Fall in<br \/>\nKraft treten, in dem der Autor von den Inhalten Kenntnis hat und es ihm<br \/>\ntechnisch m\u00f6glich und zumutbar w\u00e4re, die Nutzung im Falle rechtswidriger<br \/>\n Inhalte zu verhindern. Der Autor erkl\u00e4rt hiermit ausdr\u00fccklich, dass zum<br \/>\n Zeitpunkt der Linksetzung keine illegalen Inhalte auf den zu<br \/>\nverlinkenden Seiten erkennbar waren. Auf die aktuelle und zuk\u00fcnftige<br \/>\nGestaltung, die Inhalte oder die Urheberschaft der<br \/>\nverlinkten\/verkn\u00fcpften Seiten hat der Autor keinerlei Einfluss. Deshalb<br \/>\ndistanziert er sich hiermit ausdr\u00fccklich von allen Inhalten aller<br \/>\nverlinkten \/verkn\u00fcpften Seiten, die nach der Linksetzung ver\u00e4ndert<br \/>\nwurden. Diese Feststellung gilt f\u00fcr alle innerhalb des eigenen<br \/>\nInternetangebotes gesetzten Links und Verweise sowie f\u00fcr Fremdeintr\u00e4ge<br \/>\nin vom Autor eingerichteten G\u00e4steb\u00fcchern, Diskussionsforen,<br \/>\nLinkverzeichnissen, Mailinglisten und in allen anderen Formen von<br \/>\nDatenbanken, auf deren Inhalt externe Schreibzugriffe m\u00f6glich sind. F\u00fcr<br \/>\nillegale, fehlerhafte oder unvollst\u00e4ndige Inhalte und insbesondere f\u00fcr<br \/>\nSch\u00e4den, die aus der Nutzung oder Nichtnutzung solcherart dargebotener<br \/>\nInformationen entstehen, haftet allein der Anbieter der Seite, auf<br \/>\nwelche verwiesen wurde, nicht derjenige, der \u00fcber Links auf die<br \/>\njeweilige Ver\u00f6ffentlichung lediglich verweist.<\/p>\n<p>3. Urheber- und Kennzeichenrecht<br \/>\nDer Autor ist bestrebt, in allen Publikationen die Urheberrechte der<br \/>\nverwendeten Grafiken, Tondokumente, Videosequenzen und Texte zu<br \/>\nbeachten, von ihm selbst erstellte Grafiken, Tondokumente,<br \/>\nVideosequenzen und Texte zu nutzen oder auf lizenzfreie Grafiken,<br \/>\nTondokumente, Videosequenzen und Texte zur\u00fcckzugreifen. Alle innerhalb<br \/>\ndes Internetangebotes genannten und ggf. durch Dritte gesch\u00fctzten<br \/>\nMarken- und Warenzeichen unterliegen uneingeschr\u00e4nkt den Bestimmungen<br \/>\ndes jeweils g\u00fcltigen Kennzeichenrechts und den Besitzrechten der<br \/>\njeweiligen eingetragenen Eigent\u00fcmer. Allein aufgrund der blo\u00dfen Nennung<br \/>\nist nicht der Schluss zu ziehen, dass Markenzeichen nicht durch Rechte<br \/>\nDritter gesch\u00fctzt sind! Das Copyright f\u00fcr ver\u00f6ffentlichte, vom Autor<br \/>\nselbst erstellte Objekte bleibt allein beim Autor der Seiten. Eine<br \/>\nVervielf\u00e4ltigung oder Verwendung solcher Grafiken, Tondokumente,<br \/>\nVideosequenzen und Texte in anderen elektronischen oder gedruckten<br \/>\nPublikationen ist ohne ausdr\u00fcckliche Zustimmung des Autors nicht<br \/>\ngestattet.<\/p>\n<p>4. Datenschutz<br \/>\nSofern innerhalb des Internetangebotes die M\u00f6glichkeit zur Eingabe<br \/>\npers\u00f6nlicher oder gesch\u00e4ftlicher Daten (Emailadressen, Namen,<br \/>\nAnschriften) besteht, so erfolgt die Preisgabe dieser Daten seitens des<br \/>\nNutzers auf ausdr\u00fccklich freiwilliger Basis. Die Inanspruchnahme und<br \/>\nBezahlung aller angebotenen Dienste ist \u2013 soweit technisch m\u00f6glich und<br \/>\nzumutbar \u2013 auch ohne Angabe solcher Daten bzw. unter Angabe<br \/>\nanonymisierter Daten oder eines Pseudonyms gestattet. Die Nutzung der im<br \/>\n Rahmen des Impressums oder vergleichbarer Angaben ver\u00f6ffentlichten<br \/>\nKontaktdaten wie Postanschriften, Telefon- und Faxnummern sowie<br \/>\nEmailadressen durch Dritte zur \u00dcbersendung von nicht ausdr\u00fccklich<br \/>\nangeforderten Informationen ist nicht gestattet. Rechtliche Schritte<br \/>\ngegen die Versender von sogenannten Spam-Mails bei Verst\u00f6ssen gegen<br \/>\ndieses Verbot sind ausdr\u00fccklich vorbehalten.<\/p>\n<p>5. Rechtswirksamkeit dieses Haftungsausschlusses<br \/>\nDieser Haftungsausschluss ist als Teil des Internetangebotes zu<br \/>\nbetrachten, von dem aus auf diese Seite verwiesen wurde. Sofern Teile<br \/>\noder einzelne Formulierungen dieses Textes der geltenden Rechtslage<br \/>\nnicht, nicht mehr oder nicht vollst\u00e4ndig entsprechen sollten, bleiben<br \/>\ndie \u00fcbrigen Teile des Dokumentes in ihrem Inhalt und ihrer G\u00fcltigkeit<br \/>\ndavon unber\u00fchrt.\n<\/p>\n<ul id=\"list_sidebar_primary\" class=\"sidebar_widgets fix\">\n<li id=\"text-5\" class=\"widget_text widget fix\">\n<div class=\"widget-pad\">\n<h3 class=\"widget-title\">Betreiber der Webseite<\/h3>\n<div class=\"textwidget\">\n<p>Heidrun Bender<br \/>\nHersfelder Stra\u00dfe 44a<br \/>\n36304 Alsfeld<\/p>\n<p>Tel.: 06631 &#8211; 3640<br \/>\nEMail: <a href=\"mailto:heidrunbender@gmx.de\" title=\"heidrunbender@gmx.de\" target=\"_blank\" rel=\"noopener\">heidrunbender@gmx.de<\/a><\/p>\n<\/div><\/div>\n<\/li>\n<\/ul>\n<p><\/p>\n","protected":false},"excerpt":{"rendered":"<p>Rechtshinweis: 1. Inhalt des Onlineangebotes Der Autor \u00fcbernimmt keinerlei Gew\u00e4hr f\u00fcr die Aktualit\u00e4t, Korrektheit, Vollst\u00e4ndigkeit oder Qualit\u00e4t der bereitgestellten Informationen. Haftungsanspr\u00fcche gegen den Autor, welche sich auf Sch\u00e4den materieller oder ideeller Art beziehen, die durch die Nutzung oder Nichtnutzung der dargebotenen Informationen bzw. durch die Nutzung fehlerhafter und unvollst\u00e4ndiger Informationen verursacht wurden, sind grunds\u00e4tzlich ausgeschlossen, [&hellip;]<\/p>\n","protected":false},"author":1,"featured_media":0,"parent":0,"menu_order":5,"comment_status":"closed","ping_status":"closed","template":"","meta":{"ngg_post_thumbnail":0,"footnotes":""},"class_list":["post-10","page","type-page","status-publish","hentry"],"aioseo_notices":[],"_links":{"self":[{"href":"https:\/\/ferienwohnung-bender.de\/index.php?rest_route=\/wp\/v2\/pages\/10","targetHints":{"allow":["GET"]}}],"collection":[{"href":"https:\/\/ferienwohnung-bender.de\/index.php?rest_route=\/wp\/v2\/pages"}],"about":[{"href":"https:\/\/ferienwohnung-bender.de\/index.php?rest_route=\/wp\/v2\/types\/page"}],"author":[{"embeddable":true,"href":"https:\/\/ferienwohnung-bender.de\/index.php?rest_route=\/wp\/v2\/users\/1"}],"replies":[{"embeddable":true,"href":"https:\/\/ferienwohnung-bender.de\/index.php?rest_route=%2Fwp%2Fv2%2Fcomments&post=10"}],"version-history":[{"count":0,"href":"https:\/\/ferienwohnung-bender.de\/index.php?rest_route=\/wp\/v2\/pages\/10\/revisions"}],"wp:attachment":[{"href":"https:\/\/ferienwohnung-bender.de\/index.php?rest_route=%2Fwp%2Fv2%2Fmedia&parent=10"}],"curies":[{"name":"wp","href":"https:\/\/api.w.org\/{rel}","templated":true}]}}